{"id":1558,"date":"2021-02-24T08:50:25","date_gmt":"2021-02-24T08:50:25","guid":{"rendered":"https:\/\/www.chartoularios.gr\/el\/?page_id=1558"},"modified":"2023-12-20T10:23:01","modified_gmt":"2023-12-20T10:23:01","slug":"plirofories-viometrikon-ypografon-2","status":"publish","type":"page","link":"https:\/\/www.chartoularios.gr\/en\/plirofories-viometrikon-ypografon-2\/","title":{"rendered":"eSignature Resources"},"content":{"rendered":"<div class=\"wp-block-cover aligncenter has-background-dim\" style=\"background-image:url(https:\/\/www.chartoularios.gr\/wp-content\/uploads\/2021\/02\/Cover-3-scaled.jpg);min-height:318px\"><div class=\"wp-block-cover__inner-container\">\n<p>Here you can access resources relating to eSignatures (a.k.a. Biometric Signatures or Digitally Captured Signatures &#8211; DCS)<\/p>\n<\/div><\/div>\n\n\n\n<p class=\"has-background\" style=\"background-color:#d5d5d5\"> The eIDAS 910\/2014 regulation that deals with electronic signatures in the EU area. <a href=\"https:\/\/eur-lex.europa.eu\/legal-content\/EN\/TXT\/?uri=uriserv%3AOJ.L_.2014.257.01.0073.01.ENG\">https:\/\/eur-lex.europa.eu\/legal-content\/EN\/TXT\/?uri=uriserv%3AOJ.L_.2014.257.01.0073.01.ENG<\/a><\/p>\n\n\n\n<p class=\"has-background\" style=\"background-color:#97ae95\"> The 3rd version of the Best Practice Manual for the Forensic Examination of Handwriting by ENFHEX includes Appendix no.5 which lays out a methodology for the forensic examination of DCS. <a rel=\"noreferrer noopener\" href=\"https:\/\/enfsi.eu\/wp-content\/uploads\/2021\/01\/BPM-Handwriting-\u2014-Edition-3.pdf\" target=\"_blank\">Best Practice Manual for the Forensic Examination of Handwriting<\/a><\/p>\n\n\n\n<p class=\"has-background\" style=\"background-color:#d5d5d5\"><strong><span style=\"text-decoration: underline;\">Chartoularios Youtube<\/span><\/strong> eSignatures \/ Biometric Signatures \/ D.C.S. Resources <strong><span style=\"text-decoration: underline;\">Playlist<\/span><\/strong>:<\/p>\n\n\n\n<figure class=\"wp-block-embed is-type-video is-provider-youtube wp-block-embed-youtube wp-embed-aspect-16-9 wp-has-aspect-ratio\"><div class=\"wp-block-embed__wrapper\">\n<iframe title=\"Signing safely in a digital world - an interview with Niko Kalantzis\" width=\"770\" height=\"433\" src=\"https:\/\/www.youtube.com\/embed\/xRocOjlpD-A?start=206&#038;feature=oembed\" frameborder=\"0\" allow=\"accelerometer; autoplay; clipboard-write; encrypted-media; gyroscope; picture-in-picture; web-share\" allowfullscreen><\/iframe>\n<\/div><\/figure>\n\n\n\n<figure class=\"wp-block-embed is-type-video is-provider-youtube wp-block-embed-youtube wp-embed-aspect-16-9 wp-has-aspect-ratio\"><div class=\"wp-block-embed__wrapper\">\n<iframe title=\"Kevin Kulbacki: &quot;Signatures and Fraud in the Digital Age&quot;\" width=\"770\" height=\"433\" src=\"https:\/\/www.youtube.com\/embed\/zKHtczE8SlQ?feature=oembed\" frameborder=\"0\" allow=\"accelerometer; autoplay; clipboard-write; encrypted-media; gyroscope; picture-in-picture; web-share\" allowfullscreen><\/iframe>\n<\/div><\/figure>\n\n\n\n<figure class=\"wp-block-embed is-type-video is-provider-youtube wp-block-embed-youtube wp-embed-aspect-16-9 wp-has-aspect-ratio\"><div class=\"wp-block-embed__wrapper\">\n<iframe title=\"From liquid to digital ink: a discussion on eSignature technology &amp; its application\" width=\"770\" height=\"433\" src=\"https:\/\/www.youtube.com\/embed\/KVEd7-7FobE?feature=oembed\" frameborder=\"0\" allow=\"accelerometer; autoplay; clipboard-write; encrypted-media; gyroscope; picture-in-picture; web-share\" allowfullscreen><\/iframe>\n<\/div><figcaption>A short video introducing the eSignatures (a.k.a. biometric signatures or Digitally Captured Signatures) &amp; their importance. This video focuses more on the similarities of eSignatures to traditional pen &amp; paper signatures from the aspects of usability, legality &amp; safety.<\/figcaption><\/figure>\n\n\n\n<figure class=\"wp-block-embed is-type-video is-provider-youtube wp-block-embed-youtube wp-embed-aspect-16-9 wp-has-aspect-ratio\"><div class=\"wp-block-embed__wrapper\">\n<iframe title=\"\u0395\u03b9\u03c3\u03b1\u03b3\u03c9\u03b3\u03ae \u03c3\u03c4\u03b9\u03c2 \u0392\u03b9\u03bf\u03bc\u03b5\u03c4\u03c1\u03b9\u03ba\u03ad\u03c2 \u03c5\u03c0\u03bf\u03b3\u03c1\u03b1\u03c6\u03ad\u03c2 \u03c9\u03c2 \u03b1\u03bd\u03c4\u03b9\u03ba\u03b5\u03af\u03bc\u03b5\u03bd\u03bf \u03c4\u03b7\u03c2 \u0394\u03b9\u03ba\u03b1\u03c3\u03c4\u03b9\u03ba\u03ae\u03c2 \u0393\u03c1\u03b1\u03c6\u03bf\u03bb\u03bf\u03b3\u03af\u03b1\u03c2\" width=\"770\" height=\"433\" src=\"https:\/\/www.youtube.com\/embed\/Ao6VxLy4GzM?feature=oembed\" frameborder=\"0\" allow=\"accelerometer; autoplay; clipboard-write; encrypted-media; gyroscope; picture-in-picture; web-share\" allowfullscreen><\/iframe>\n<\/div><figcaption>\u039c\u03af\u03b1 \u03c3\u03cd\u03bd\u03c4\u03bf\u03bc\u03b7 \u03b5\u03b9\u03c3\u03b1\u03b3\u03c9\u03b3\u03ae \u03c3\u03c4\u03b9\u03c2 \u03ad\u03bd\u03bd\u03bf\u03b9\u03b5\u03c2 \u03c4\u03c9\u03bd \u03b2\u03b9\u03bf\u03bc\u03b5\u03c4\u03c1\u03b9\u03ba\u03ce\u03bd \u03c5\u03c0\u03bf\u03b3\u03c1\u03b1\u03c6\u03ce\u03bd \u03b1\u03c0\u03cc \u03c4\u03b7 \u03c3\u03ba\u03bf\u03c0\u03b9\u03ac \u03c4\u03b7\u03c2 \u0394\u03b9\u03ba\u03b1\u03c3\u03c4\u03b9\u03ba\u03ae\u03c2 \u0393\u03c1\u03b1\u03c6\u03bf\u03bb\u03bf\u03b3\u03af\u03b1\u03c2.<\/figcaption><\/figure>\n\n\n\n<figure class=\"wp-block-embed is-type-video is-provider-youtube wp-block-embed-youtube wp-embed-aspect-16-9 wp-has-aspect-ratio\"><div class=\"wp-block-embed__wrapper\">\n<iframe title=\"Niko Kalantzis: &quot;From Liquid to Digital Ink&quot;\" width=\"770\" height=\"433\" src=\"https:\/\/www.youtube.com\/embed\/CdiqjbQqe_w?feature=oembed\" frameborder=\"0\" allow=\"accelerometer; autoplay; clipboard-write; encrypted-media; gyroscope; picture-in-picture; web-share\" allowfullscreen><\/iframe>\n<\/div><figcaption>Niko Kalantzis presentation &#8220;From liquid to digital ink&#8221;, for Wacom&#8217;s Connected Ink 2020 event.<\/figcaption><\/figure>\n\n\n\n<p class=\"has-background\" style=\"background-color:#97ae95\"> Recommended scientific publications:<\/p>\n\n\n\n<p class=\"has-background\" style=\"background-color:#d5d5d5\"> Kalantzis N., Platt A.:  &#8220;<strong>Digitally Captured Signatures (Biometric Signatures) &amp; Forensic Handwriting Examination. A short Introduction<\/strong>&nbsp;&#8221; 10\/2020 issue of the&nbsp;Journal &#8221; Penal Justice \/ \u03a0\u03bf\u03b9\u03bd\u03b9\u03ba\u03ae \u0394\u03b9\u03ba\u03b1\u03b9\u03bf\u03c3\u03cd\u03bd\u03b7&#8221;.You can find the paper here: <a rel=\"noreferrer noopener\" href=\"http:\/\/www.nbonline.gr\/journals\/6\/volumes\/1243\/issues\/1784\/lemmas\/4918896\" target=\"_blank\">http:\/\/www.nbonline.gr\/journals\/6\/volumes\/1243\/issues\/1784\/lemmas\/4918896<\/a><\/p>\n\n\n\n<p class=\"has-background\" style=\"background-color:#97ae95\"> Geistov\u00e1 \u010cakovsk\u00e1, B., Kalantzis, N., Dziedzic, T., Fernandes, C., Zimmer, J., Branco, M.J., Heckeroth, J., Spjuth, K.A., Kupferschmid, E., Vaccarone, P. and Kerkoff, A. (2020), Recommendations for capturing signatures digitally to optimize their suitability for forensic handwriting examination. J Forensic Sci.&nbsp;<a href=\"https:\/\/doi.org\/10.1111\/1556-4029.14627\">https:\/\/doi.org\/10.1111\/1556-4029.14627<\/a><\/p>\n\n\n\n<p class=\"has-background\" style=\"background-color:#d5d5d5\">J. Heckeroth, E. Kupferschmid, T. Dziedzic, N. Kalantzis, B. Geistov\u00e1 \u010cakovsk\u00e1, C. Fernandes, M.J. Branco, K. Axelsson Spjuth, A. Kerkhoff, P. Vaccarone, J. Zimmer, P. Schmidt: <strong>Features of digitally captured signatures vs. pen and paper signatures: Similar or completely different?<\/strong>, Forensic Science International, Volume 318, 2021, 110587, ISSN 0379-0738, <a rel=\"noreferrer noopener\" href=\"https:\/\/doi.org\/10.1016\/j.forsciint.2020.110587\" target=\"_blank\">https:\/\/doi.org\/10.1016\/j.forsciint.2020.110587<\/a>.<\/p>\n\n\n\n<p class=\"has-text-color has-background\" style=\"background-color:#e9c9c5;color:#282a2a\"><a href=\"https:\/\/www.chartoularios.gr\/en\/biometric-signatures\/\">Deployed solutions suitability studies, reports &amp; calibration services.<\/a> <\/p>\n\n\n\n<div class=\"wp-block-buttons aligncenter\">\n<div class=\"wp-block-button\"><a class=\"wp-block-button__link has-text-color has-background\" href=\"https:\/\/www.youtube.com\/playlist?list=PLQ-pycjmAoGR4JFWPzQGAdyppA90BcPhT\" style=\"border-radius:50px;background:linear-gradient(135deg,rgb(135,9,53) 0%,rgb(179,22,22) 100%);color:#fffffa\" target=\"_blank\" rel=\"noreferrer noopener\">Youtube Playlist<\/a><\/div>\n\n\n\n<div class=\"wp-block-button\"><a class=\"wp-block-button__link has-text-color has-background\" href=\"mailto:corp@chartoularios.gr\" style=\"border-radius:50px;background:linear-gradient(317deg,rgb(135,9,53) 0%,rgb(179,22,22) 100%);color:#fffffa\" target=\"_blank\" rel=\"mailto:corp@chartoularios.gr noopener\">Contact us<\/a><\/div>\n\n\n\n<div class=\"wp-block-button\"><a class=\"wp-block-button__link has-text-color has-background\" href=\"https:\/\/www.chartoularios.gr\/en\/training\/\" style=\"border-radius:50px;background:linear-gradient(42deg,rgb(135,9,53) 0%,rgb(179,22,22) 100%);color:#fffffa\">Training<\/a><\/div>\n<\/div>\n\n\n\n<p><\/p>","protected":false},"excerpt":{"rendered":"<p>The eIDAS 910\/2014 regulation that deals with electronic signatures in the EU area. https:\/\/eur-lex.europa.eu\/legal-content\/EN\/TXT\/?uri=uriserv%3AOJ.L_.2014.257.01.0073.01.ENG The 3rd version of the Best Practice Manual for the Forensic Examination of Handwriting by ENFHEX includes Appendix no.5 which lays out a methodology for the forensic examination of DCS. Best Practice Manual for the Forensic Examination of Handwriting Chartoularios Youtube [&hellip;]<\/p>\n","protected":false},"author":2,"featured_media":0,"parent":0,"menu_order":0,"comment_status":"closed","ping_status":"closed","template":"","meta":[],"acf":[],"_links":{"self":[{"href":"https:\/\/www.chartoularios.gr\/en\/wp-json\/wp\/v2\/pages\/1558"}],"collection":[{"href":"https:\/\/www.chartoularios.gr\/en\/wp-json\/wp\/v2\/pages"}],"about":[{"href":"https:\/\/www.chartoularios.gr\/en\/wp-json\/wp\/v2\/types\/page"}],"author":[{"embeddable":true,"href":"https:\/\/www.chartoularios.gr\/en\/wp-json\/wp\/v2\/users\/2"}],"replies":[{"embeddable":true,"href":"https:\/\/www.chartoularios.gr\/en\/wp-json\/wp\/v2\/comments?post=1558"}],"version-history":[{"count":16,"href":"https:\/\/www.chartoularios.gr\/en\/wp-json\/wp\/v2\/pages\/1558\/revisions"}],"predecessor-version":[{"id":8017,"href":"https:\/\/www.chartoularios.gr\/en\/wp-json\/wp\/v2\/pages\/1558\/revisions\/8017"}],"wp:attachment":[{"href":"https:\/\/www.chartoularios.gr\/en\/wp-json\/wp\/v2\/media?parent=1558"}],"curies":[{"name":"wp","href":"https:\/\/api.w.org\/{rel}","templated":true}]}}