{"id":12,"date":"2013-09-13T02:44:55","date_gmt":"2013-09-13T02:44:55","guid":{"rendered":"http:\/\/chartoularios.gr\/?page_id=12"},"modified":"2021-01-14T10:49:03","modified_gmt":"2021-01-14T10:49:03","slug":"erevna","status":"publish","type":"page","link":"https:\/\/www.chartoularios.gr\/en\/research\/","title":{"rendered":""},"content":{"rendered":"<div class=\"wp-block-cover has-background-dim\" style=\"background-image:url(https:\/\/www.chartoularios.gr\/wp-content\/uploads\/2013\/09\/frontpg71.jpg);background-position:28% 48%\"><div class=\"wp-block-cover__inner-container\">\n<p class=\"has-text-align-center has-large-font-size\">Chartoularios<\/p>\n\n\n\n<p class=\"has-text-align-center has-large-font-size\">Institute of Questioned Document Studies<\/p>\n<\/div><\/div>\n\n\n\n<p>Chartoularios Institute of Questioned Document Studies aims at the development and contribution to the science of Forensic Handwriting &amp; Document Examination. To that effect the Institute is cooperating with other scientific &amp; education institutions (e.g.Staffordshire University, Canada Border Services Agency, Naif Arab University for Security Sciences ) conducting research projects, publishing studies and providing training workshops &amp; courses.<\/p>\n\n\n\n<p><span style=\"text-decoration: underline;\"><strong>Physical Presence Workshops:<\/strong><\/span><\/p>\n\n\n\n<p>At the moment the following courses are available depending on COVBID-19 restricitons.:<\/p>\n\n\n\n<ol><li>3 day training course in Digitally Captured Signature (DCS &#8211; Biometric Signature) analysis.<\/li><li>1 day workshop on Colour Laser Printer examination and Machine Identification Code (MIC) analysis.<\/li><\/ol>\n\n\n\n<p>Please contact us directly at <a href=\"mailto:corp@chartoularios.gr\">corp@chartoularios.gr<\/a> for further information.<\/p>\n\n\n\n<p><span style=\"text-decoration: underline;\"><strong><a href=\"http:\/\/www.chartoularios.gr\/en\/ekpedefsi\/\">Training Webinars.<\/a><\/strong><\/span><\/p>\n\n\n\n<ul><li><strong><a href=\"http:\/\/www.chartoularios.gr\/en\/ekpedefsi\/\">Click Here.<\/a><\/strong><\/li><\/ul>\n\n\n\n<p><span style=\"text-decoration: underline;\"><strong>Research Projects &amp; Collaborations:<\/strong><\/span><\/p>\n\n\n\n<p class=\"has-background\" style=\"background-color:#9ca792\"><span style=\"text-decoration: underline;\"><strong>Selected Publications:<\/strong><\/span><\/p>\n\n\n\n<p class=\"has-background\" style=\"background-color:#9ca792\">Kalantzis N., Platt A.: Digitally Captured Signatures (Biometric signatures) and Forensic Handwriting Examination: A short introduction, , Penal Justice\/\u03a0\u03bf\u03b9\u03bd\u03b9\u03ba\u03ae \u0394\u03b9\u03ba\u03b1\u03b9\u03bf\u03c3\u03cd\u03bd\u03b7, \u03a0\u03bf\u03b9\u03bd\u0394\u03b9\u03ba 12\/2007. Year 23rd, pp 1006-1012 <a href=\"http:\/\/www.nbonline.gr\/journals\/6\/volumes\/1243\/issues\/1784\/lemmas\/4918896\" target=\"_blank\" rel=\"noopener\">http:\/\/www.nbonline.gr\/journals\/6\/volumes\/1243\/issues\/1784\/lemmas\/4918896<\/a><\/p>\n\n\n\n<p class=\"has-background\" style=\"background-color:#9ca792\">Heckeroth J,Kupferschmid E,DziedzicT,Kalantzis N,Cakovska BG, Fernandes C, Branco MJ, Spjuth KA, Kerkhoff A, Vaccarone P, Zimmer J, Schmidt P, Features of Digitally Captured Signatures vs. Pen and Paper Signatures: Similar or Completely Different?,&nbsp;<em>Forensic Science International&nbsp;<\/em>(2020),&nbsp;doi:&nbsp;<a href=\"https:\/\/doi.org\/10.1016\/j.forsciint.2020.110587\" target=\"_blank\" rel=\"noopener\">https:\/\/doi.org\/10.1016\/j.forsciint.2020.11058<\/a><\/p>\n\n\n\n<p class=\"has-background\" style=\"background-color:#9ca792\">Geistov\u00e1 \u010cakovsk\u00e1 B, Kalantzis N,&nbsp;Dziedzic T, et al. Recommendations for capturing signatures digitally to optimize their suitability for forensic handwriting examination.&nbsp;<em>J Forensic Sci<\/em>. 2020;00:1\u20135.&nbsp;<a href=\"https:\/\/doi.org\/10.1111\/1556-4029.14627\" target=\"_blank\" rel=\"noopener\">https:\/\/doi<\/a>.&nbsp;<a href=\"https:\/\/doi.org\/10.1111\/1556-4029.14627\" target=\"_blank\" rel=\"noopener\">org\/10.1111\/1556-4029.14627&nbsp;<\/a><\/p>\n\n\n\n<p class=\"has-background\" style=\"background-color:#9ca792\">Kalantzis N.:&nbsp;Working with Non-Original documents, Mannheimer Hefte Fur Schriftvergleichung, 3+4\/18 (June 2020)<\/p>\n\n\n\n<p class=\"has-background\" style=\"background-color:#9ca792\">Kalantzis N., Gidogiannos L.-D.:&nbsp;Assisted vs. Guided Handwriting: a current approach to an old problem, Nowa Kodyfikacja Prawa Karnego, 44, 2017, Pages 121-134 <a href=\"https:\/\/wuwr.pl\/nkp\/article\/view\/8177\/7810\" target=\"_blank\" rel=\"noopener\">https:\/\/wuwr.pl\/nkp\/article\/view\/8177\/7810<\/a><\/p>\n\n\n\n<p class=\"has-background\" style=\"background-color:#9ca792\">Kalantzis N.:&nbsp;&#8220;Substrate interference in the forensic examination of inks on bank cheques via Raman spectroscopy and S.E.R.R.S.\u201d, \u201cFestschrift f\u00fcr Horst Howorka zum 80. Geburtstag &#8211; Ausgew\u00e4hlte Beitr\u00e4ge zur forensischen Urkundenuntersuchung&#8221;(Wiesbaden, 2011) [ISBN 978-3-00-034928-7]<\/p>\n\n\n\n<p class=\"has-background\" style=\"background-color:#9ca792\">Fieldhouse, S. J. ; Kalantzis, N. ; Platt, A.W.G. : Determination of the sequence of latent finger marks and writing or printing on white office paper, &nbsp;Original Research Article, Forensic Science International, <a title=\"Go to table of contents for this volume\/issue\" href=\"https:\/\/www.sciencedirect.com\/science\/journal\/03790738\/206\/1\">Volume 206, Issues 1\u20133<\/a>, 20 March 2011, Pages 155-160&nbsp;<a href=\"https:\/\/doi.org\/10.1016\/j.forsciint.2010.07.032\" target=\"_blank\" rel=\"noopener\">https:\/\/doi.org\/10.1016\/j.forsciint.2010.07.032<\/a><\/p>\n\n\n\n<p class=\"has-background\" style=\"background-color:#9ca792\">Kalantzis, N. : The use of the Electrostatic Detection Device (ESDA)&nbsp; in forensic examination of documents, Penal Justice\/\u03a0\u03bf\u03b9\u03bd\u03b9\u03ba\u03ae \u0394\u03b9\u03ba\u03b1\u03b9\u03bf\u03c3\u03cd\u03bd\u03b7, \u03a0\u03bf\u03b9\u03bd\u0394\u03b9\u03ba 12\/2007. Year 10th, pp 1449-1454 <a href=\"http:\/\/www.nbonline.gr\/journals\/6\/volumes\/99\/issues\/417\/lemmas\/4469507\" target=\"_blank\" rel=\"noopener\">http:\/\/www.nbonline.gr\/journals\/6\/volumes\/99\/issues\/417\/lemmas\/4469507<\/a><\/p>\n\n\n\n<p class=\"has-background\" style=\"background-color:#9ca792\"><\/p>\n\n\n\n<p><\/p>","protected":false},"excerpt":{"rendered":"<p>Chartoularios Institute of Questioned Document Studies aims at the development and contribution to the science of Forensic Handwriting &amp; Document Examination. To that effect the Institute is cooperating with other scientific &amp; education institutions (e.g.Staffordshire University, Canada Border Services Agency, Naif Arab University for Security Sciences ) conducting research projects, publishing studies and providing training [&hellip;]<\/p>\n","protected":false},"author":1,"featured_media":0,"parent":0,"menu_order":0,"comment_status":"closed","ping_status":"closed","template":"page_erevna.php","meta":[],"acf":[],"_links":{"self":[{"href":"https:\/\/www.chartoularios.gr\/en\/wp-json\/wp\/v2\/pages\/12"}],"collection":[{"href":"https:\/\/www.chartoularios.gr\/en\/wp-json\/wp\/v2\/pages"}],"about":[{"href":"https:\/\/www.chartoularios.gr\/en\/wp-json\/wp\/v2\/types\/page"}],"author":[{"embeddable":true,"href":"https:\/\/www.chartoularios.gr\/en\/wp-json\/wp\/v2\/users\/1"}],"replies":[{"embeddable":true,"href":"https:\/\/www.chartoularios.gr\/en\/wp-json\/wp\/v2\/comments?post=12"}],"version-history":[{"count":10,"href":"https:\/\/www.chartoularios.gr\/en\/wp-json\/wp\/v2\/pages\/12\/revisions"}],"predecessor-version":[{"id":1482,"href":"https:\/\/www.chartoularios.gr\/en\/wp-json\/wp\/v2\/pages\/12\/revisions\/1482"}],"wp:attachment":[{"href":"https:\/\/www.chartoularios.gr\/en\/wp-json\/wp\/v2\/media?parent=12"}],"curies":[{"name":"wp","href":"https:\/\/api.w.org\/{rel}","templated":true}]}}