{"id":12,"date":"2013-09-13T02:44:55","date_gmt":"2013-09-13T02:44:55","guid":{"rendered":"http:\/\/chartoularios.gr\/?page_id=12"},"modified":"2021-01-14T10:49:03","modified_gmt":"2021-01-14T10:49:03","slug":"erevna","status":"publish","type":"page","link":"https:\/\/www.chartoularios.gr\/el\/erevna\/","title":{"rendered":""},"content":{"rendered":"<div class=\"wp-block-cover has-background-dim\" style=\"background-image:url(https:\/\/www.chartoularios.gr\/wp-content\/uploads\/2013\/09\/frontpg71.jpg);background-position:28% 48%\"><div class=\"wp-block-cover__inner-container\">\n<p class=\"has-text-align-center has-large-font-size\">\u0399\u03bd\u03c3\u03c4\u03b9\u03c4\u03bf\u03cd\u03c4\u03bf \u039c\u03b5\u03bb\u03b5\u03c4\u03ce\u03bd \u0394\u03b9\u03ba\u03b1\u03c3\u03c4\u03b9\u03ba\u03ae\u03c2 \u0393\u03c1\u03b1\u03c6\u03bf\u03bb\u03bf\u03b3\u03af\u03b1\u03c2 <\/p>\n\n\n\n<p class=\"has-text-align-center has-large-font-size\">\u03a7\u03b1\u03c1\u03c4\u03bf\u03c5\u03bb\u03ac\u03c1\u03b9\u03bf\u03c2<\/p>\n<\/div><\/div>\n\n\n\n<p>\u03a4\u03bf \u0399\u03bd\u03c3\u03c4\u03b9\u03c4\u03bf\u03cd\u03c4\u03bf \u039c\u03b5\u03bb\u03b5\u03c4\u03ce\u03bd \u0394\u03b9\u03ba\u03b1\u03c3\u03c4\u03b9\u03ba\u03ae\u03c2 \u0393\u03c1\u03b1\u03c6\u03bf\u03bb\u03bf\u03b3\u03af\u03b1\u03c2 \u03a7\u03b1\u03c1\u03c4\u03bf\u03c5\u03bb\u03ac\u03c1\u03b9\u03bf\u03c2&nbsp;\u03c3\u03ba\u03bf\u03c0\u03b5\u03cd\u03b5\u03b9 \u03c3\u03c4\u03b7\u03bd \u03c3\u03c5\u03bc\u03b2\u03bf\u03bb\u03ae &amp;&nbsp; \u03b1\u03bd\u03ac\u03c0\u03c4\u03c5\u03be\u03b7 \u03c4\u03b7\u03c2 \u0395\u03c0\u03b9\u03c3\u03c4\u03ae\u03bc\u03b7\u03c2 \u03c4\u03b7\u03c2 \u0394\u03b9\u03ba\u03b1\u03c3\u03c4\u03b9\u03ba\u03ae\u03c2 \u0393\u03c1\u03b1\u03c6\u03bf\u03bb\u03bf\u03b3\u03af\u03b1\u03c2. \u0393\u03b9\u03b1 \u03b1\u03c5\u03c4\u03cc \u03c4\u03bf \u03c3\u03ba\u03bf\u03c0\u03cc,&nbsp;\u03c4\u03bf \u0399\u03bd\u03c3\u03c4\u03b9\u03c4\u03bf\u03cd\u03c4\u03bf \u03c3\u03c5\u03bd\u03b5\u03c1\u03b3\u03ac\u03b6\u03b5\u03c4\u03b1\u03b9&nbsp; \u03bc\u03b5 \u03b5\u03c0\u03b9\u03c3\u03c4\u03b7\u03bc\u03bf\u03bd\u03b9\u03ba\u03ac (Staffordshire University, Canada Border Services Agency, Naif Arab University for Security Sciences \u03ba\u03bb\u03c0.) \u03b4\u03b9\u03b5\u03bd\u03b5\u03c1\u03b3\u03cc\u03bd\u03c4\u03b1\u03c2&nbsp; \u03b5\u03c0\u03b9\u03c3\u03c4\u03b7\u03bc\u03bf\u03bd\u03b9\u03ba\u03ad\u03c2 \u03ad\u03c1\u03b5\u03c5\u03bd\u03b5\u03c2, \u03b4\u03b7\u03bc\u03bf\u03c3\u03b9\u03b5\u03cd\u03bf\u03bd\u03c4\u03b1\u03c2 \u03bc\u03b5\u03bb\u03ad\u03c4\u03b5\u03c2 \u03ba\u03b1\u03b9 \u03c0\u03b1\u03c1\u03b1\u03b4\u03af\u03b4\u03bf\u03bd\u03c4\u03b1\u03c2 \u03b5\u03ba\u03c0\u03b1\u03b9\u03b4\u03b5\u03c5\u03c4\u03b9\u03ba\u03ac \u03c0\u03c1\u03bf\u03b3\u03c1\u03ac\u03bc\u03bc\u03b1\u03c4\u03b1.<\/p>\n\n\n\n<p><span style=\"text-decoration: underline;\"><strong>\u03a3\u03b5\u03bc\u03b9\u03bd\u03ac\u03c1\u03b9\u03b1 \u03a6\u03c5\u03c3\u03b9\u03ba\u03ae\u03c2 \u03a0\u03b1\u03c1\u03bf\u03c5\u03c3\u03af\u03b1\u03c2<\/strong><\/span><\/p>\n\n\n\n<p>\u0391\u03c5\u03c4\u03ae \u03c4\u03b7 \u03c3\u03c4\u03b9\u03b3\u03bc\u03ae \u03c4\u03b1 \u03b1\u03ba\u03cc\u03bb\u03bf\u03c5\u03b8\u03b1 \u03c0\u03c1\u03bf\u03b3\u03c1\u03ac\u03bc\u03bc\u03b1\u03c4\u03b1 \u03b5\u03af\u03bd\u03b1\u03b9 \u03b4\u03b9\u03b1\u03b8\u03ad\u03c3\u03b9\u03bc\u03b1 \u03b3\u03b9\u03b1 \u03c0\u03b1\u03c1\u03ac\u03b4\u03bf\u03c3\u03b7 \u03b1\u03bd\u03ac\u03bb\u03bf\u03b3\u03b1 \u03bc\u03b5 \u03c4\u03bf\u03c5\u03c2 \u03c0\u03b5\u03c1\u03b9\u03bf\u03c1\u03b9\u03c3\u03bc\u03bf\u03cd\u03c2 COVID-19:<\/p>\n\n\n\n<ol><li>\u039c\u03bf\u03bd\u03bf\u03ae\u03bc\u03b5\u03c1\u03bf \u03b5\u03ba\u03c0\u03b1\u03b9\u03b4\u03b5\u03c5\u03c4\u03b9\u03ba\u03cc \u03c3\u03b5\u03bc\u03b9\u03bd\u03ac\u03c1\u03b9\u03bf \u03b4\u03b9\u03ac\u03c1\u03ba\u03b5\u03b9\u03b1\u03c2 8 \u03c9\u03c1\u03ce\u03bd \u03b3\u03b9\u03b1 \u03b5\u03bb\u03b5\u03b3\u03ba\u03c4\u03ad\u03c2 \/ \u03b4\u03b9\u03ba\u03b7\u03b3\u03cc\u03c1\u03bf\u03c5\u03c2 &#8211; \u0395\u03b9\u03c3\u03b1\u03b3\u03c9\u03b3\u03ae \u03c3\u03c4\u03b7&nbsp;\u0394\u03b9\u03ba\u03b1\u03c3\u03c4\u03b9\u03ba\u03ae \u0393\u03c1\u03b1\u03c6\u03bf\u03bb\u03bf\u03b3\u03af\u03b1 \u03ba\u03b1\u03b9 \u03c3\u03c4\u03b7 \u0394\u03b9\u03ba\u03b1\u03c3\u03c4\u03b9\u03ba\u03ae \u0395\u03be\u03ad\u03c4\u03b1\u03c3\u03b7 \u0395\u03b3\u03b3\u03c1\u03ac\u03c6\u03c9\u03bd.<\/li><li>\u03a4\u03c1\u03b9\u03ae\u03bc\u03b5\u03c1\u03bf \u03b5\u03ba\u03c0\u03b1\u03b9\u03b4\u03b5\u03b8\u03c4\u03b9\u03ba\u03cc&nbsp;\u03c3\u03b5\u03bc\u03b9\u03bd\u03ac\u03c1\u03b9\u03bf \u03b3\u03b9\u03b1 \u03b5\u03b9\u03b4\u03b9\u03ba\u03b5\u03c5\u03bc\u03ad\u03bd\u03bf\u03c5\u03c2 \u0394\u03b9\u03ba\u03b1\u03c3\u03c4\u03b9\u03ba\u03bf\u03cd\u03c2 \u0393\u03c1\u03b1\u03c6\u03bf\u03bb\u03cc\u03b3\u03bf\u03c5\u03c2 \u03c3\u03c4\u03b7\u03bd \u03b5\u03be\u03ad\u03c4\u03b1\u03c3\u03b7 \u03ba\u03b1\u03b9 \u03b1\u03bd\u03ac\u03bb\u03c5\u03c3\u03b7 \u03a8\u03b7\u03c6\u03b9\u03b1\u03ba\u03ac \u039a\u03b1\u03c4\u03b1\u03b3\u03b5\u03b3\u03c1\u03b1\u03bc\u03bc\u03ad\u03bd\u03c9\u03bd \u03a5\u03c0\u03bf\u03b3\u03c1\u03b1\u03c6\u03ce\u03bd [\u03a8\u0397\u039a\u03a5 &#8211;&nbsp;Digitally Captured Signature (DCS &#8211; Biometric Signature] .<\/li><li>\u039c\u03bf\u03bd\u03bf\u03ae\u03bc\u03b5\u03c1\u03bf \u03b5\u03ba\u03c0\u03b1\u03b9\u03b4\u03b5\u03c5\u03c4\u03b9\u03ba\u03cc \u03c3\u03b5\u03bc\u03b9\u03bd\u03ac\u03c1\u03b9\u03bf \u03c3\u03c4\u03b7\u03bd \u03b5\u03be\u03ad\u03c4\u03b1\u03c3\u03b7 \u03b5\u03ba\u03c4\u03c5\u03c0\u03ce\u03c3\u03b5\u03c9\u03bd \u03ad\u03b3\u03c7\u03c1\u03c9\u03bc\u03c9\u03bd \u03b5\u03ba\u03c4\u03c5\u03c0\u03c9\u03c4\u03ce\u03bd Laser \u03ba\u03b1\u03b9 \u03c3\u03c4\u03b7\u03bd \u03b1\u03bd\u03ac\u03bb\u03c5\u03c3\u03b7 Machine Identification Code (MIC) .<\/li><\/ol>\n\n\n\n<p>\u0393\u03b9\u03b1 \u03cc\u03c0\u03bf\u03b9\u03b1 \u03b4\u03b9\u03b5\u03c5\u03ba\u03c1\u03af\u03bd\u03b7\u03c3\u03b7 \u03bc\u03b7 \u03b4\u03b9\u03c3\u03c4\u03ac\u03c3\u03b5\u03c4\u03b5 \u03bd\u03b1 \u03b5\u03c0\u03b9\u03ba\u03bf\u03b9\u03bd\u03c9\u03bd\u03ae\u03c3\u03b5\u03c4\u03b5 \u03bc\u03b1\u03b6\u03af \u03bc\u03b1\u03c2 \u03c3\u03c4\u03bf <a href=\"mailto:corp@chartoularios.gr\">corp@chartoularios.gr<\/a>.<\/p>\n\n\n\n<p><span style=\"text-decoration: underline;\"><strong><a href=\"http:\/\/www.chartoularios.gr\/el\/ekpedefsi\/\">\u0394\u03b9\u03b1\u03b4\u03b9\u03ba\u03c4\u03c5\u03b1\u03ba\u03ac \u03a3\u03b5\u03bc\u03b9\u03bd\u03ac\u03c1\u03b9\u03b1 (Webinars)<\/a><\/strong><\/span><\/p>\n\n\n\n<ul><li><strong><a href=\"http:\/\/www.chartoularios.gr\/el\/ekpedefsi\/\">\u03a0\u03b1\u03c4\u03ae\u03c3\u03c4\u03b5 \u03b5\u03b4\u03ce<\/a><\/strong><\/li><\/ul>\n\n\n\n<p><span style=\"text-decoration: underline;\"><strong>\u0395\u03c1\u03b5\u03c5\u03bd\u03b7\u03c4\u03b9\u03ba\u03ac \u03a0\u03c1\u03bf\u03b3\u03c1\u03ac\u03bc\u03bc\u03b1\u03c4\u03b1 &amp; \u03a3\u03c5\u03bd\u03b5\u03c1\u03b3\u03b1\u03c3\u03af\u03b5\u03c2:<\/strong><\/span><\/p>\n\n\n\n<p class=\"has-background\" style=\"background-color:#9ca792\"><span style=\"text-decoration: underline;\"><strong>\u0395\u03c0\u03b9\u03bb\u03bf\u03b3\u03ae \u0394\u03b7\u03bc\u03bf\u03c3\u03b9\u03b5\u03cd\u03c3\u03b5\u03c9\u03bd:<\/strong><\/span><\/p>\n\n\n\n<p class=\"has-background\" style=\"background-color:#9ca792\">\u039d. \u039a\u03b1\u03bb\u03b1\u03bd\u03c4\u03b6\u03ae\u03c2\/A. Platt, \u03a8\u03b7\u03c6\u03b9\u03b1\u03ba\u03ac \u03ba\u03b1\u03c4\u03b1\u03b3\u03b5\u03b3\u03c1\u03b1\u03bc\u03bc\u03ad\u03bd\u03b5\u03c2 \u03c5\u03c0\u03bf\u03b3\u03c1\u03b1\u03c6\u03ad\u03c2 (\u0392\u03b9\u03bf\u03bc\u03b5\u03c4\u03c1\u03b9\u03ba\u03ad\u03c2 \u03c5\u03c0\u03bf\u03b3\u03c1\u03b1\u03c6\u03ad\u03c2) \u03ba\u03b1\u03b9 \u0394\u03b9\u03ba\u03b1\u03c3\u03c4\u03b9\u03ba\u03ae \u0393\u03c1\u03b1\u03c6\u03bf\u03bb\u03bf\u03b3\u03af\u03b1. \u039c\u03b9\u03b1 \u03c3\u03cd\u03bd\u03c4\u03bf\u03bc\u03b7 \u03b5\u03b9\u03c3\u03b1\u03b3\u03c9\u03b3\u03ae, \u03a0\u03bf\u03b9\u03bd\u03b9\u03ba\u03ae \u0394\u03b9\u03ba\u03b1\u03b9\u03bf\u03c3\u03cd\u03bd\u03b7, \u03a0\u03bf\u03b9\u03bd\u0394\u03b9\u03ba 12\/2007. Year 23rd, pp 1006-1012 <a href=\"http:\/\/www.nbonline.gr\/journals\/6\/volumes\/1243\/issues\/1784\/lemmas\/4918896\" target=\"_blank\" rel=\"noopener\">http:\/\/www.nbonline.gr\/journals\/6\/volumes\/1243\/issues\/1784\/lemmas\/4918896<\/a><\/p>\n\n\n\n<p class=\"has-background\" style=\"background-color:#9ca792\">Heckeroth J,Kupferschmid E,DziedzicT,Kalantzis N,Cakovska BG, Fernandes C, Branco MJ, Spjuth KA, Kerkhoff A, Vaccarone P, Zimmer J, Schmidt P, Features of Digitally Captured Signatures vs. Pen and Paper Signatures: Similar or Completely Different?,&nbsp;<em>Forensic Science International&nbsp;<\/em>(2020),&nbsp;doi:&nbsp;<a href=\"https:\/\/doi.org\/10.1016\/j.forsciint.2020.110587\" target=\"_blank\" rel=\"noopener\">https:\/\/doi.org\/10.1016\/j.forsciint.2020.11058<\/a><\/p>\n\n\n\n<p class=\"has-background\" style=\"background-color:#9ca792\">Geistov\u00e1 \u010cakovsk\u00e1 B, Kalantzis N,&nbsp;Dziedzic T, et al. Recommendations for capturing signatures digitally to optimize their suitability for forensic handwriting examination.&nbsp;<em>J Forensic Sci<\/em>. 2020;00:1\u20135.&nbsp;<a href=\"https:\/\/doi.org\/10.1111\/1556-4029.14627\" target=\"_blank\" rel=\"noopener\">https:\/\/doi<\/a>.&nbsp;<a href=\"https:\/\/doi.org\/10.1111\/1556-4029.14627\" target=\"_blank\" rel=\"noopener\">org\/10.1111\/1556-4029.14627&nbsp;<\/a><\/p>\n\n\n\n<p class=\"has-background\" style=\"background-color:#9ca792\">Kalantzis N.:&nbsp;Working with Non-Original documents, Mannheimer Hefte Fur Schriftvergleichung, 3+4\/18 (June 2020)<\/p>\n\n\n\n<p class=\"has-background\" style=\"background-color:#9ca792\">Kalantzis N., Gidogiannos L.-D.:&nbsp;Assisted vs. Guided Handwriting: a current approach to an old problem, Nowa Kodyfikacja Prawa Karnego, 44, 2017, Pages 121-134 <a href=\"https:\/\/wuwr.pl\/nkp\/article\/view\/8177\/7810\" target=\"_blank\" rel=\"noopener\">https:\/\/wuwr.pl\/nkp\/article\/view\/8177\/7810<\/a><\/p>\n\n\n\n<p class=\"has-background\" style=\"background-color:#9ca792\">Kalantzis N.:&nbsp;&#8220;Substrate interference in the forensic examination of inks on bank cheques via Raman spectroscopy and S.E.R.R.S.\u201d, \u201cFestschrift f\u00fcr Horst Howorka zum 80. Geburtstag &#8211; Ausgew\u00e4hlte Beitr\u00e4ge zur forensischen Urkundenuntersuchung&#8221;(Wiesbaden, 2011) [ISBN 978-3-00-034928-7]<\/p>\n\n\n\n<p class=\"has-background\" style=\"background-color:#9ca792\">Fieldhouse, S. J. ; Kalantzis, N. ; Platt, A.W.G. : Determination of the sequence of latent finger marks and writing or printing on white office paper, &nbsp;Original Research Article, Forensic Science International, <a title=\"Go to table of contents for this volume\/issue\" href=\"https:\/\/www.sciencedirect.com\/science\/journal\/03790738\/206\/1\">Volume 206, Issues 1\u20133<\/a>, 20 March 2011, Pages 155-160&nbsp;<a href=\"https:\/\/doi.org\/10.1016\/j.forsciint.2010.07.032\" target=\"_blank\" rel=\"noopener\">https:\/\/doi.org\/10.1016\/j.forsciint.2010.07.032<\/a><\/p>\n\n\n\n<p class=\"has-background\" style=\"background-color:#9ca792\">\u039d. \u039a\u03b1\u03bb\u03b1\u03bd\u03c4\u03b6\u03ae\u03c2, \u0397 \u03c7\u03c1\u03ae\u03c3\u03b7 \u03c4\u03b7\u03c2 \u0397\u03bb\u03b5\u03ba\u03c4\u03c1\u03bf\u03c3\u03c4\u03b1\u03c4\u03b9\u03ba\u03ae\u03c2 \u03a3\u03c5\u03c3\u03ba\u03b5\u03c5\u03ae\u03c2 \u0391\u03bd\u03af\u03c7\u03bd\u03b5\u03c5\u03c3\u03b7\u03c2 (ESDA) \u03c3\u03c4\u03b7 \u03b4\u03b9\u03ba\u03b1\u03c3\u03c4\u03b9\u03ba\u03ae \u03b5\u03be\u03ad\u03c4\u03b1\u03c3\u03b7 \u03b5\u03b3\u03b3\u03c1\u03ac\u03c6\u03c9\u03bd,&nbsp;\u03a0\u03bf\u03b9\u03bd\u03b9\u03ba\u03ae \u0394\u03b9\u03ba\u03b1\u03b9\u03bf\u03c3\u03cd\u03bd\u03b7, \u03a0\u03bf\u03b9\u03bd\u0394\u03b9\u03ba 12\/2007. Year 10th, pp 1449-1454 <a href=\"http:\/\/www.nbonline.gr\/journals\/6\/volumes\/99\/issues\/417\/lemmas\/4469507\" target=\"_blank\" rel=\"noopener\">http:\/\/www.nbonline.gr\/journals\/6\/volumes\/99\/issues\/417\/lemmas\/4469507<\/a><\/p>\n\n\n\n<p><\/p>\n\n\n\n<p><\/p>","protected":false},"excerpt":{"rendered":"<p>\u03a4\u03bf \u0399\u03bd\u03c3\u03c4\u03b9\u03c4\u03bf\u03cd\u03c4\u03bf \u039c\u03b5\u03bb\u03b5\u03c4\u03ce\u03bd \u0394\u03b9\u03ba\u03b1\u03c3\u03c4\u03b9\u03ba\u03ae\u03c2 \u0393\u03c1\u03b1\u03c6\u03bf\u03bb\u03bf\u03b3\u03af\u03b1\u03c2 \u03a7\u03b1\u03c1\u03c4\u03bf\u03c5\u03bb\u03ac\u03c1\u03b9\u03bf\u03c2&nbsp;\u03c3\u03ba\u03bf\u03c0\u03b5\u03cd\u03b5\u03b9 \u03c3\u03c4\u03b7\u03bd \u03c3\u03c5\u03bc\u03b2\u03bf\u03bb\u03ae &amp;&nbsp; \u03b1\u03bd\u03ac\u03c0\u03c4\u03c5\u03be\u03b7 \u03c4\u03b7\u03c2 \u0395\u03c0\u03b9\u03c3\u03c4\u03ae\u03bc\u03b7\u03c2 \u03c4\u03b7\u03c2 \u0394\u03b9\u03ba\u03b1\u03c3\u03c4\u03b9\u03ba\u03ae\u03c2 \u0393\u03c1\u03b1\u03c6\u03bf\u03bb\u03bf\u03b3\u03af\u03b1\u03c2. \u0393\u03b9\u03b1 \u03b1\u03c5\u03c4\u03cc \u03c4\u03bf \u03c3\u03ba\u03bf\u03c0\u03cc,&nbsp;\u03c4\u03bf \u0399\u03bd\u03c3\u03c4\u03b9\u03c4\u03bf\u03cd\u03c4\u03bf \u03c3\u03c5\u03bd\u03b5\u03c1\u03b3\u03ac\u03b6\u03b5\u03c4\u03b1\u03b9&nbsp; \u03bc\u03b5 \u03b5\u03c0\u03b9\u03c3\u03c4\u03b7\u03bc\u03bf\u03bd\u03b9\u03ba\u03ac (Staffordshire University, Canada Border Services Agency, Naif Arab University for Security Sciences \u03ba\u03bb\u03c0.) \u03b4\u03b9\u03b5\u03bd\u03b5\u03c1\u03b3\u03cc\u03bd\u03c4\u03b1\u03c2&nbsp; \u03b5\u03c0\u03b9\u03c3\u03c4\u03b7\u03bc\u03bf\u03bd\u03b9\u03ba\u03ad\u03c2 \u03ad\u03c1\u03b5\u03c5\u03bd\u03b5\u03c2, \u03b4\u03b7\u03bc\u03bf\u03c3\u03b9\u03b5\u03cd\u03bf\u03bd\u03c4\u03b1\u03c2 \u03bc\u03b5\u03bb\u03ad\u03c4\u03b5\u03c2 \u03ba\u03b1\u03b9 \u03c0\u03b1\u03c1\u03b1\u03b4\u03af\u03b4\u03bf\u03bd\u03c4\u03b1\u03c2 \u03b5\u03ba\u03c0\u03b1\u03b9\u03b4\u03b5\u03c5\u03c4\u03b9\u03ba\u03ac \u03c0\u03c1\u03bf\u03b3\u03c1\u03ac\u03bc\u03bc\u03b1\u03c4\u03b1. \u03a3\u03b5\u03bc\u03b9\u03bd\u03ac\u03c1\u03b9\u03b1 \u03a6\u03c5\u03c3\u03b9\u03ba\u03ae\u03c2 \u03a0\u03b1\u03c1\u03bf\u03c5\u03c3\u03af\u03b1\u03c2 \u0391\u03c5\u03c4\u03ae \u03c4\u03b7 \u03c3\u03c4\u03b9\u03b3\u03bc\u03ae \u03c4\u03b1 \u03b1\u03ba\u03cc\u03bb\u03bf\u03c5\u03b8\u03b1 \u03c0\u03c1\u03bf\u03b3\u03c1\u03ac\u03bc\u03bc\u03b1\u03c4\u03b1 \u03b5\u03af\u03bd\u03b1\u03b9 [&hellip;]<\/p>\n","protected":false},"author":1,"featured_media":0,"parent":0,"menu_order":0,"comment_status":"closed","ping_status":"closed","template":"page_erevna.php","meta":[],"acf":[],"_links":{"self":[{"href":"https:\/\/www.chartoularios.gr\/el\/wp-json\/wp\/v2\/pages\/12"}],"collection":[{"href":"https:\/\/www.chartoularios.gr\/el\/wp-json\/wp\/v2\/pages"}],"about":[{"href":"https:\/\/www.chartoularios.gr\/el\/wp-json\/wp\/v2\/types\/page"}],"author":[{"embeddable":true,"href":"https:\/\/www.chartoularios.gr\/el\/wp-json\/wp\/v2\/users\/1"}],"replies":[{"embeddable":true,"href":"https:\/\/www.chartoularios.gr\/el\/wp-json\/wp\/v2\/comments?post=12"}],"version-history":[{"count":10,"href":"https:\/\/www.chartoularios.gr\/el\/wp-json\/wp\/v2\/pages\/12\/revisions"}],"predecessor-version":[{"id":1482,"href":"https:\/\/www.chartoularios.gr\/el\/wp-json\/wp\/v2\/pages\/12\/revisions\/1482"}],"wp:attachment":[{"href":"https:\/\/www.chartoularios.gr\/el\/wp-json\/wp\/v2\/media?parent=12"}],"curies":[{"name":"wp","href":"https:\/\/api.w.org\/{rel}","templated":true}]}}